{"id":5,"date":"2017-07-25T08:41:18","date_gmt":"2017-07-25T08:41:18","guid":{"rendered":"https:\/\/dpfservice.lt\/?page_id=5"},"modified":"2026-03-29T09:36:05","modified_gmt":"2026-03-29T09:36:05","slug":"dpf-filtru-valymas","status":"publish","type":"page","link":"https:\/\/dpfservice.lt\/ru\/","title":{"rendered":"\u0413\u043b\u0430\u0432\u043d\u0430\u044f"},"content":{"rendered":"<p><\/p>\n<p>&nbsp;<\/p>\n<p style=\"text-align: center;\"><strong>\u0427\u0438\u0441\u0442\u043a\u0430 DPF \u0441\u0430\u0436\u0435\u0432\u044b\u0445 \u0444\u0438\u043b\u044c\u0442\u0440\u043e\u0432 \u0438 \u043a\u0430\u0442\u0430\u043b\u0438\u0437\u0430\u0442\u043e\u0440\u043e\u0432,<br \/>\n\u041c\u043e\u0439\u043a\u0430 \u0441\u0430\u0436\u0435\u0432\u043e\u0433\u043e DPF \u0444\u0438\u043b\u044c\u0442\u0440\u0430 \u0437\u0430 1 \u0440\u0430\u0431\u043e\u0447\u0438\u0439 \u0434\u0435\u043d\u044c!<br \/>\n\u041c\u043e\u0439\u043a\u0430 \u0432\u043f\u0443\u0441\u043a\u043d\u044b\u0445 \u043a\u043e\u043b\u043b\u0435\u043a\u0442\u043e\u0440\u043e\u0432, \u043c\u043e\u0439\u043a\u0430 \u043a\u043b\u0430\u043f\u0430\u043d\u043e\u0432 \u0435\u0433\u0440,\u043c\u043e\u0439\u043a\u0430 \u043e\u0445\u043b\u0430\u0434\u0438\u0442\u0435\u043b\u0435\u0439 \u0435\u0433\u0440,<br \/>\n\u043c\u043e\u0439\u043a\u0430 \u0434\u0440\u043e\u0441\u0435\u043b\u0435\u0439 &#8212; \u0437\u0430\u0441\u043b\u043e\u043d\u043e\u043a, \u0447\u0438\u0441\u0442\u043a\u0430 \u0438\u043d\u0442\u0435\u0440\u043a\u0443\u043b\u0435\u0440\u043e\u0432, \u043c\u043e\u0439\u043a\u0430 \u0434\u0435\u0442\u0430\u043b\u0435\u0439 \u0443\u043b\u044c\u0442\u0440\u0430\u0437\u0432\u0443\u043a\u043e\u043c . <br \/>\n\u041c\u043e\u0439\u043a\u0430 DPF \u0437\u0430 \u043e\u0434\u0438\u043d \u0434\u0435\u043d\u044c ! ! !<\/strong><\/p>\n<h1 style=\"text-align: center;\">\u041e\u0444\u0438\u0446\u0438\u0430\u043b\u044c\u043d\u044b\u0439 \u043f\u0440\u0435\u0434\u0441\u0442\u0430\u0432\u0438\u0442\u0435\u043b\u044c\u00a0<br \/>\n\u0413\u043e\u043b\u0430\u043d\u0434\u0441\u043a\u043e\u0433\u043e \u0437\u0430\u0432\u043e\u0434\u0430 \u0432 \u041b\u0438\u0442\u0432\u0435, \u043d\u0430 \u0440\u044b\u043d\u043a\u0435 \u0431\u043e\u043b\u0435\u0435 14 \u043b\u0435\u0442.<\/h1>\n<p style=\"text-align: center;\"><a class=\"btn btn-black\" href=\"https:\/\/www.youtube.com\/channel\/UCgJvpeQM_vKRowRuigF1MWg\">\u0421\u041c\u041e\u0422\u0420\u0415\u0422\u042c VIDEO<\/a>\u00a0<a class=\"btn btn-blue\" href=\"https:\/\/dpfservice.lt\/apie-mus\/\">\u041e DPF SERVICE<\/a><\/p>\n<p>&nbsp;<\/p>\n<p><\/p>","protected":false},"excerpt":{"rendered":"<p>&nbsp; \u0427\u0438\u0441\u0442\u043a\u0430 DPF \u0441\u0430\u0436\u0435\u0432\u044b\u0445 \u0444\u0438\u043b\u044c\u0442\u0440\u043e\u0432 \u0438 \u043a\u0430\u0442\u0430\u043b\u0438\u0437\u0430\u0442\u043e\u0440\u043e\u0432, \u041c\u043e\u0439\u043a\u0430 \u0441\u0430\u0436\u0435\u0432\u043e\u0433\u043e DPF \u0444\u0438\u043b\u044c\u0442\u0440\u0430 \u0437\u0430 1 \u0440\u0430\u0431\u043e\u0447\u0438\u0439 \u0434\u0435\u043d\u044c! \u041c\u043e\u0439\u043a\u0430 \u0432\u043f\u0443\u0441\u043a\u043d\u044b\u0445 \u043a\u043e\u043b\u043b\u0435\u043a\u0442\u043e\u0440\u043e\u0432, \u043c\u043e\u0439\u043a\u0430 \u043a\u043b\u0430\u043f\u0430\u043d\u043e\u0432 \u0435\u0433\u0440,\u043c\u043e\u0439\u043a\u0430 \u043e\u0445\u043b\u0430\u0434\u0438\u0442\u0435\u043b\u0435\u0439 \u0435\u0433\u0440, \u043c\u043e\u0439\u043a\u0430 \u0434\u0440\u043e\u0441\u0435\u043b\u0435\u0439 &#8212; \u0437\u0430\u0441\u043b\u043e\u043d\u043e\u043a, \u0447\u0438\u0441\u0442\u043a\u0430 \u0438\u043d\u0442\u0435\u0440\u043a\u0443\u043b\u0435\u0440\u043e\u0432, \u043c\u043e\u0439\u043a\u0430 \u2026<\/p>\n","protected":false},"author":1,"featured_media":430,"parent":0,"menu_order":0,"comment_status":"closed","ping_status":"closed","template":"main.php","meta":[],"yoast_head":"<!-- This site is optimized with the Yoast SEO plugin v18.8 - https:\/\/yoast.com\/wordpress\/plugins\/seo\/ -->\n<title>\u0413\u043b\u0430\u0432\u043d\u0430\u044f - DPF Service LT<\/title>\n<meta name=\"description\" content=\"(Lt) DPF filtr\u0173 ir katalizatori\u0173 valymas. Diagnostika, adaptacija, sl\u0117gio matavimai, kokyb\u0117s garantija.\" \/>\n<meta name=\"robots\" content=\"index, follow, max-snippet:-1, max-image-preview:large, max-video-preview:-1\" \/>\n<link rel=\"canonical\" href=\"https:\/\/dpfservice.lt\/\" \/>\n<meta property=\"og:locale\" content=\"ru_RU\" \/>\n<meta property=\"og:type\" content=\"article\" \/>\n<meta property=\"og:title\" content=\"\u0413\u043b\u0430\u0432\u043d\u0430\u044f - DPF Service LT\" \/>\n<meta property=\"og:description\" content=\"{:lt}DPF filtr\u0173 ir katalizatori\u0173 valymas. Diagnostika, adaptacija, sl\u0117gio matavimai, kokyb\u0117s garantija.{:}\" \/>\n<meta property=\"og:url\" content=\"https:\/\/dpfservice.lt\/\" \/>\n<meta property=\"og:site_name\" content=\"DPF Service LT\" \/>\n<meta property=\"article:modified_time\" content=\"2026-03-29T09:36:05+00:00\" \/>\n<meta property=\"og:image\" content=\"https:\/\/dpfservice.lt\/wp-content\/uploads\/2022\/08\/slider3-1920x966-3.jpg\" \/>\n\t<meta property=\"og:image:width\" content=\"2100\" \/>\n\t<meta property=\"og:image:height\" content=\"832\" \/>\n\t<meta property=\"og:image:type\" content=\"image\/jpeg\" \/>\n<meta name=\"twitter:card\" content=\"summary\" \/>\n<meta name=\"twitter:label1\" content=\"\u041f\u0440\u0438\u043c\u0435\u0440\u043d\u043e\u0435 \u0432\u0440\u0435\u043c\u044f \u0434\u043b\u044f \u0447\u0442\u0435\u043d\u0438\u044f\" \/>\n\t<meta name=\"twitter:data1\" content=\"1 \u043c\u0438\u043d\u0443\u0442\u0430\" \/>\n<script type=\"application\/ld+json\" class=\"yoast-schema-graph\">{\"@context\":\"https:\/\/schema.org\",\"@graph\":[{\"@type\":\"WebSite\",\"@id\":\"https:\/\/dpfservice.lt\/#website\",\"url\":\"https:\/\/dpfservice.lt\/\",\"name\":\"DPF Service LT\",\"description\":\"PROFESIONALUS LENGV\u0172J\u0172 AUTOMOBILI\u0172, SPEC. TECHNIKOS IR SUNKVE\u017dIMI\u0172 DPF FILTR\u0172 IR KATALIZATORI\u0172 VALYMAS\",\"potentialAction\":[{\"@type\":\"SearchAction\",\"target\":{\"@type\":\"EntryPoint\",\"urlTemplate\":\"https:\/\/dpfservice.lt\/?s={search_term_string}\"},\"query-input\":\"required name=search_term_string\"}],\"inLanguage\":\"ru-RU\"},{\"@type\":\"ImageObject\",\"inLanguage\":\"ru-RU\",\"@id\":\"https:\/\/dpfservice.lt\/#primaryimage\",\"url\":\"https:\/\/dpfservice.lt\/wp-content\/uploads\/2022\/08\/slider3-1920x966-3.jpg\",\"contentUrl\":\"https:\/\/dpfservice.lt\/wp-content\/uploads\/2022\/08\/slider3-1920x966-3.jpg\",\"width\":2100,\"height\":832,\"caption\":\"DPF filtru valymas1\"},{\"@type\":\"WebPage\",\"@id\":\"https:\/\/dpfservice.lt\/#webpage\",\"url\":\"https:\/\/dpfservice.lt\/\",\"name\":\"\u0413\u043b\u0430\u0432\u043d\u0430\u044f - DPF Service LT\",\"isPartOf\":{\"@id\":\"https:\/\/dpfservice.lt\/#website\"},\"primaryImageOfPage\":{\"@id\":\"https:\/\/dpfservice.lt\/#primaryimage\"},\"datePublished\":\"2017-07-25T08:41:18+00:00\",\"dateModified\":\"2026-03-29T09:36:05+00:00\",\"description\":\"{:lt}DPF filtr\u0173 ir katalizatori\u0173 valymas. Diagnostika, adaptacija, sl\u0117gio matavimai, kokyb\u0117s garantija.{:}\",\"breadcrumb\":{\"@id\":\"https:\/\/dpfservice.lt\/#breadcrumb\"},\"inLanguage\":\"ru-RU\",\"potentialAction\":[{\"@type\":\"ReadAction\",\"target\":[\"https:\/\/dpfservice.lt\/\"]}]},{\"@type\":\"BreadcrumbList\",\"@id\":\"https:\/\/dpfservice.lt\/#breadcrumb\",\"itemListElement\":[{\"@type\":\"ListItem\",\"position\":1,\"name\":\"Home\",\"item\":\"https:\/\/dpfservice.lt\/\"},{\"@type\":\"ListItem\",\"position\":2,\"name\":\"DPF filtr\u0173 valymas\"}]}]}<\/script>\n<!-- \/ Yoast SEO plugin. -->","yoast_head_json":{"title":"\u0413\u043b\u0430\u0432\u043d\u0430\u044f - DPF Service LT","description":"(Lt) DPF filtr\u0173 ir katalizatori\u0173 valymas. Diagnostika, adaptacija, sl\u0117gio matavimai, kokyb\u0117s garantija.","robots":{"index":"index","follow":"follow","max-snippet":"max-snippet:-1","max-image-preview":"max-image-preview:large","max-video-preview":"max-video-preview:-1"},"canonical":"https:\/\/dpfservice.lt\/","og_locale":"ru_RU","og_type":"article","og_title":"\u0413\u043b\u0430\u0432\u043d\u0430\u044f - DPF Service LT","og_description":"{:lt}DPF filtr\u0173 ir katalizatori\u0173 valymas. Diagnostika, adaptacija, sl\u0117gio matavimai, kokyb\u0117s garantija.{:}","og_url":"https:\/\/dpfservice.lt\/","og_site_name":"DPF Service LT","article_modified_time":"2026-03-29T09:36:05+00:00","og_image":[{"width":2100,"height":832,"url":"https:\/\/dpfservice.lt\/wp-content\/uploads\/2022\/08\/slider3-1920x966-3.jpg","type":"image\/jpeg"}],"twitter_card":"summary","twitter_misc":{"\u041f\u0440\u0438\u043c\u0435\u0440\u043d\u043e\u0435 \u0432\u0440\u0435\u043c\u044f \u0434\u043b\u044f \u0447\u0442\u0435\u043d\u0438\u044f":"1 \u043c\u0438\u043d\u0443\u0442\u0430"},"schema":{"@context":"https:\/\/schema.org","@graph":[{"@type":"WebSite","@id":"https:\/\/dpfservice.lt\/#website","url":"https:\/\/dpfservice.lt\/","name":"DPF Service LT","description":"PROFESIONALUS LENGV\u0172J\u0172 AUTOMOBILI\u0172, SPEC. TECHNIKOS IR SUNKVE\u017dIMI\u0172 DPF FILTR\u0172 IR KATALIZATORI\u0172 VALYMAS","potentialAction":[{"@type":"SearchAction","target":{"@type":"EntryPoint","urlTemplate":"https:\/\/dpfservice.lt\/?s={search_term_string}"},"query-input":"required name=search_term_string"}],"inLanguage":"ru-RU"},{"@type":"ImageObject","inLanguage":"ru-RU","@id":"https:\/\/dpfservice.lt\/#primaryimage","url":"https:\/\/dpfservice.lt\/wp-content\/uploads\/2022\/08\/slider3-1920x966-3.jpg","contentUrl":"https:\/\/dpfservice.lt\/wp-content\/uploads\/2022\/08\/slider3-1920x966-3.jpg","width":2100,"height":832,"caption":"DPF filtru valymas1"},{"@type":"WebPage","@id":"https:\/\/dpfservice.lt\/#webpage","url":"https:\/\/dpfservice.lt\/","name":"\u0413\u043b\u0430\u0432\u043d\u0430\u044f - DPF Service LT","isPartOf":{"@id":"https:\/\/dpfservice.lt\/#website"},"primaryImageOfPage":{"@id":"https:\/\/dpfservice.lt\/#primaryimage"},"datePublished":"2017-07-25T08:41:18+00:00","dateModified":"2026-03-29T09:36:05+00:00","description":"{:lt}DPF filtr\u0173 ir katalizatori\u0173 valymas. Diagnostika, adaptacija, sl\u0117gio matavimai, kokyb\u0117s garantija.{:}","breadcrumb":{"@id":"https:\/\/dpfservice.lt\/#breadcrumb"},"inLanguage":"ru-RU","potentialAction":[{"@type":"ReadAction","target":["https:\/\/dpfservice.lt\/"]}]},{"@type":"BreadcrumbList","@id":"https:\/\/dpfservice.lt\/#breadcrumb","itemListElement":[{"@type":"ListItem","position":1,"name":"Home","item":"https:\/\/dpfservice.lt\/"},{"@type":"ListItem","position":2,"name":"DPF filtr\u0173 valymas"}]}]}},"_links":{"self":[{"href":"https:\/\/dpfservice.lt\/ru\/wp-json\/wp\/v2\/pages\/5"}],"collection":[{"href":"https:\/\/dpfservice.lt\/ru\/wp-json\/wp\/v2\/pages"}],"about":[{"href":"https:\/\/dpfservice.lt\/ru\/wp-json\/wp\/v2\/types\/page"}],"author":[{"embeddable":true,"href":"https:\/\/dpfservice.lt\/ru\/wp-json\/wp\/v2\/users\/1"}],"replies":[{"embeddable":true,"href":"https:\/\/dpfservice.lt\/ru\/wp-json\/wp\/v2\/comments?post=5"}],"version-history":[{"count":82,"href":"https:\/\/dpfservice.lt\/ru\/wp-json\/wp\/v2\/pages\/5\/revisions"}],"predecessor-version":[{"id":468,"href":"https:\/\/dpfservice.lt\/ru\/wp-json\/wp\/v2\/pages\/5\/revisions\/468"}],"wp:featuredmedia":[{"embeddable":true,"href":"https:\/\/dpfservice.lt\/ru\/wp-json\/wp\/v2\/media\/430"}],"wp:attachment":[{"href":"https:\/\/dpfservice.lt\/ru\/wp-json\/wp\/v2\/media?parent=5"}],"curies":[{"name":"wp","href":"https:\/\/api.w.org\/{rel}","templated":true}]}}