{"id":200,"date":"2020-04-14T11:13:00","date_gmt":"2020-04-14T11:13:00","guid":{"rendered":"https:\/\/dpfservice.lt\/?page_id=200"},"modified":"2022-05-01T19:00:18","modified_gmt":"2022-05-01T19:00:18","slug":"profesionali-dpf-filtru-valymo-chemija","status":"publish","type":"page","link":"https:\/\/dpfservice.lt\/en\/profesionali-dpf-filtru-valymo-chemija\/","title":{"rendered":"Professional DPF filter cleaning chemistry"},"content":{"rendered":"<p><\/p>\n<p>Content here, content here&#8217;, making it look like readable English. Many desktop publishing packages and web page editors now use Lorem Ipsum as their default model text, and a search for &#8216;lorem ipsum&#8217; will uncover many web sites still in their infancy. Various versions have evolved over the years, sometimes by accident, sometimes on purpose (injected humour and the like).<\/p>\n<p>There are many variations of passages of Lorem Ipsum available, but the majority have suffered alteration in some form<\/p>\n<p>Apparently we had reached a great height in the atmosphere, for the sky was a dead black, and the stars had ceased to twinkle. By the same illusion which lifts the horizon of the sea to the level of the spectator on a hillside, the sable cloud beneath was dished out, and the car seemed to float in the middle<\/p>\n<p>Apparently we had reached a great height in the atmosphere, for the sky was a dead black, and the stars had ceased to twinkle. By the same illusion which lifts the horizon of the sea to the level of the spectator on a hillside, the sable cloud beneath was dished out, and the car seemed to float in the middle<\/p>\n<h2>List<\/h2>\n<ul>\n<li>By the same illusion which lifts the horizon<\/li>\n<li>By the same illusion which lifts the horizon<\/li>\n<li>By the same illusion which lifts the horizon<\/li>\n<\/ul>\n<ol>\n<li>By the same illusion which lifts the horizon<\/li>\n<li>By the same illusion which lifts the horizon<\/li>\n<li>By the same illusion which lifts the horizon<\/li>\n<\/ol>\n<h2>Table<\/h2>\n<table style=\"border-collapse: collapse;\">\n<tbody>\n<tr>\n<td style=\"width: 33.3333%;\"><strong>First column\u00a0 \u00a0 \u00a0 \u00a0<\/strong><\/td>\n<td style=\"width: 33.3333%;\"><strong>Second column\u00a0 \u00a0 \u00a0 \u00a0<\/strong><\/td>\n<td style=\"width: 33.3333%;\"><strong>Third column\u00a0 \u00a0 \u00a0\u00a0<\/strong><\/td>\n<\/tr>\n<tr>\n<td style=\"width: 33.3333%;\">Text<\/td>\n<td style=\"width: 33.3333%;\">Numbers<\/td>\n<td style=\"width: 33.3333%;\">Symbols<\/td>\n<\/tr>\n<\/tbody>\n<\/table>\n<p>&nbsp;<\/p>\n<p>Apparently we had reached a great height in the atmosphere, for the sky was a dead black, and the stars had ceased to twinkle. By the same illusion which lifts the horizon of the sea to the level of the spectator on a hillside, the sable cloud beneath was dished out, and the car seemed to float in the middle<\/p>\n<p><\/p>","protected":false},"excerpt":{"rendered":"<p>Content here, content here&#8217;, making it look like readable English. Many desktop publishing packages and web page editors now use Lorem Ipsum as their default model text, and a search \u2026<\/p>\n","protected":false},"author":1,"featured_media":375,"parent":0,"menu_order":0,"comment_status":"closed","ping_status":"closed","template":"","meta":[],"yoast_head":"<!-- This site is optimized with the Yoast SEO plugin v18.8 - https:\/\/yoast.com\/wordpress\/plugins\/seo\/ -->\n<title>Professional DPF filter cleaning chemistry - DPF Service LT<\/title>\n<meta name=\"robots\" content=\"index, follow, max-snippet:-1, max-image-preview:large, max-video-preview:-1\" \/>\n<link rel=\"canonical\" href=\"https:\/\/dpfservice.lt\/profesionali-dpf-filtru-valymo-chemija\/\" \/>\n<meta property=\"og:locale\" content=\"en_US\" \/>\n<meta property=\"og:type\" content=\"article\" \/>\n<meta property=\"og:title\" content=\"Professional DPF filter cleaning chemistry - DPF Service LT\" \/>\n<meta property=\"og:description\" content=\"Content here, content here&#8217;, making it look like readable English. Many desktop publishing packages and web page editors now use Lorem Ipsum as their default model text, and a search \u2026\" \/>\n<meta property=\"og:url\" content=\"https:\/\/dpfservice.lt\/profesionali-dpf-filtru-valymo-chemija\/\" \/>\n<meta property=\"og:site_name\" content=\"DPF Service LT\" \/>\n<meta property=\"article:modified_time\" content=\"2022-05-01T19:00:18+00:00\" \/>\n<meta property=\"og:image\" content=\"https:\/\/dpfservice.lt\/wp-content\/uploads\/2022\/04\/chemistry-1.jpg\" \/>\n\t<meta property=\"og:image:width\" content=\"1920\" \/>\n\t<meta property=\"og:image:height\" content=\"346\" \/>\n\t<meta property=\"og:image:type\" content=\"image\/jpeg\" \/>\n<meta name=\"twitter:card\" content=\"summary\" \/>\n<meta name=\"twitter:label1\" content=\"Est. reading time\" \/>\n\t<meta name=\"twitter:data1\" content=\"3 minutes\" \/>\n<script type=\"application\/ld+json\" class=\"yoast-schema-graph\">{\"@context\":\"https:\/\/schema.org\",\"@graph\":[{\"@type\":\"WebSite\",\"@id\":\"https:\/\/dpfservice.lt\/#website\",\"url\":\"https:\/\/dpfservice.lt\/\",\"name\":\"DPF Service LT\",\"description\":\"PROFESIONALUS LENGV\u0172J\u0172 AUTOMOBILI\u0172, SPEC. TECHNIKOS IR SUNKVE\u017dIMI\u0172 DPF FILTR\u0172 IR KATALIZATORI\u0172 VALYMAS\",\"potentialAction\":[{\"@type\":\"SearchAction\",\"target\":{\"@type\":\"EntryPoint\",\"urlTemplate\":\"https:\/\/dpfservice.lt\/?s={search_term_string}\"},\"query-input\":\"required name=search_term_string\"}],\"inLanguage\":\"en-US\"},{\"@type\":\"ImageObject\",\"inLanguage\":\"en-US\",\"@id\":\"https:\/\/dpfservice.lt\/profesionali-dpf-filtru-valymo-chemija\/#primaryimage\",\"url\":\"https:\/\/dpfservice.lt\/wp-content\/uploads\/2022\/04\/chemistry-1.jpg\",\"contentUrl\":\"https:\/\/dpfservice.lt\/wp-content\/uploads\/2022\/04\/chemistry-1.jpg\",\"width\":1920,\"height\":346},{\"@type\":\"WebPage\",\"@id\":\"https:\/\/dpfservice.lt\/profesionali-dpf-filtru-valymo-chemija\/#webpage\",\"url\":\"https:\/\/dpfservice.lt\/profesionali-dpf-filtru-valymo-chemija\/\",\"name\":\"Professional DPF filter cleaning chemistry - DPF Service LT\",\"isPartOf\":{\"@id\":\"https:\/\/dpfservice.lt\/#website\"},\"primaryImageOfPage\":{\"@id\":\"https:\/\/dpfservice.lt\/profesionali-dpf-filtru-valymo-chemija\/#primaryimage\"},\"datePublished\":\"2020-04-14T11:13:00+00:00\",\"dateModified\":\"2022-05-01T19:00:18+00:00\",\"breadcrumb\":{\"@id\":\"https:\/\/dpfservice.lt\/profesionali-dpf-filtru-valymo-chemija\/#breadcrumb\"},\"inLanguage\":\"en-US\",\"potentialAction\":[{\"@type\":\"ReadAction\",\"target\":[\"https:\/\/dpfservice.lt\/profesionali-dpf-filtru-valymo-chemija\/\"]}]},{\"@type\":\"BreadcrumbList\",\"@id\":\"https:\/\/dpfservice.lt\/profesionali-dpf-filtru-valymo-chemija\/#breadcrumb\",\"itemListElement\":[{\"@type\":\"ListItem\",\"position\":1,\"name\":\"Home\",\"item\":\"https:\/\/dpfservice.lt\/\"},{\"@type\":\"ListItem\",\"position\":2,\"name\":\"Profesionali DPF filtr\u0173 valymo chemija\"}]}]}<\/script>\n<!-- \/ Yoast SEO plugin. -->","yoast_head_json":{"title":"Professional DPF filter cleaning chemistry - DPF Service LT","robots":{"index":"index","follow":"follow","max-snippet":"max-snippet:-1","max-image-preview":"max-image-preview:large","max-video-preview":"max-video-preview:-1"},"canonical":"https:\/\/dpfservice.lt\/profesionali-dpf-filtru-valymo-chemija\/","og_locale":"en_US","og_type":"article","og_title":"Professional DPF filter cleaning chemistry - DPF Service LT","og_description":"Content here, content here&#8217;, making it look like readable English. Many desktop publishing packages and web page editors now use Lorem Ipsum as their default model text, and a search \u2026","og_url":"https:\/\/dpfservice.lt\/profesionali-dpf-filtru-valymo-chemija\/","og_site_name":"DPF Service LT","article_modified_time":"2022-05-01T19:00:18+00:00","og_image":[{"width":1920,"height":346,"url":"https:\/\/dpfservice.lt\/wp-content\/uploads\/2022\/04\/chemistry-1.jpg","type":"image\/jpeg"}],"twitter_card":"summary","twitter_misc":{"Est. reading time":"3 minutes"},"schema":{"@context":"https:\/\/schema.org","@graph":[{"@type":"WebSite","@id":"https:\/\/dpfservice.lt\/#website","url":"https:\/\/dpfservice.lt\/","name":"DPF Service LT","description":"PROFESIONALUS LENGV\u0172J\u0172 AUTOMOBILI\u0172, SPEC. TECHNIKOS IR SUNKVE\u017dIMI\u0172 DPF FILTR\u0172 IR KATALIZATORI\u0172 VALYMAS","potentialAction":[{"@type":"SearchAction","target":{"@type":"EntryPoint","urlTemplate":"https:\/\/dpfservice.lt\/?s={search_term_string}"},"query-input":"required name=search_term_string"}],"inLanguage":"en-US"},{"@type":"ImageObject","inLanguage":"en-US","@id":"https:\/\/dpfservice.lt\/profesionali-dpf-filtru-valymo-chemija\/#primaryimage","url":"https:\/\/dpfservice.lt\/wp-content\/uploads\/2022\/04\/chemistry-1.jpg","contentUrl":"https:\/\/dpfservice.lt\/wp-content\/uploads\/2022\/04\/chemistry-1.jpg","width":1920,"height":346},{"@type":"WebPage","@id":"https:\/\/dpfservice.lt\/profesionali-dpf-filtru-valymo-chemija\/#webpage","url":"https:\/\/dpfservice.lt\/profesionali-dpf-filtru-valymo-chemija\/","name":"Professional DPF filter cleaning chemistry - DPF Service LT","isPartOf":{"@id":"https:\/\/dpfservice.lt\/#website"},"primaryImageOfPage":{"@id":"https:\/\/dpfservice.lt\/profesionali-dpf-filtru-valymo-chemija\/#primaryimage"},"datePublished":"2020-04-14T11:13:00+00:00","dateModified":"2022-05-01T19:00:18+00:00","breadcrumb":{"@id":"https:\/\/dpfservice.lt\/profesionali-dpf-filtru-valymo-chemija\/#breadcrumb"},"inLanguage":"en-US","potentialAction":[{"@type":"ReadAction","target":["https:\/\/dpfservice.lt\/profesionali-dpf-filtru-valymo-chemija\/"]}]},{"@type":"BreadcrumbList","@id":"https:\/\/dpfservice.lt\/profesionali-dpf-filtru-valymo-chemija\/#breadcrumb","itemListElement":[{"@type":"ListItem","position":1,"name":"Home","item":"https:\/\/dpfservice.lt\/"},{"@type":"ListItem","position":2,"name":"Profesionali DPF filtr\u0173 valymo chemija"}]}]}},"_links":{"self":[{"href":"https:\/\/dpfservice.lt\/en\/wp-json\/wp\/v2\/pages\/200"}],"collection":[{"href":"https:\/\/dpfservice.lt\/en\/wp-json\/wp\/v2\/pages"}],"about":[{"href":"https:\/\/dpfservice.lt\/en\/wp-json\/wp\/v2\/types\/page"}],"author":[{"embeddable":true,"href":"https:\/\/dpfservice.lt\/en\/wp-json\/wp\/v2\/users\/1"}],"replies":[{"embeddable":true,"href":"https:\/\/dpfservice.lt\/en\/wp-json\/wp\/v2\/comments?post=200"}],"version-history":[{"count":5,"href":"https:\/\/dpfservice.lt\/en\/wp-json\/wp\/v2\/pages\/200\/revisions"}],"predecessor-version":[{"id":392,"href":"https:\/\/dpfservice.lt\/en\/wp-json\/wp\/v2\/pages\/200\/revisions\/392"}],"wp:featuredmedia":[{"embeddable":true,"href":"https:\/\/dpfservice.lt\/en\/wp-json\/wp\/v2\/media\/375"}],"wp:attachment":[{"href":"https:\/\/dpfservice.lt\/en\/wp-json\/wp\/v2\/media?parent=200"}],"curies":[{"name":"wp","href":"https:\/\/api.w.org\/{rel}","templated":true}]}}